{"id":21,"date":"2017-01-26T15:47:57","date_gmt":"2017-01-26T18:47:57","guid":{"rendered":"http:\/\/higia.com.uy\/home\/?page_id=21"},"modified":"2017-01-26T15:47:57","modified_gmt":"2017-01-26T18:47:57","slug":"acerca-de-higia","status":"publish","type":"page","link":"https:\/\/higia.com.uy\/home\/acerca-de-higia\/","title":{"rendered":"Acerca de Higia"},"content":{"rendered":"<p>En el a\u00f1o 1990 se crea la empresa HIGIA S.R.L. adoptando el nombre de una de las hijas de Esculapio, Dios de la Medicina en la mitolog\u00eda griega.<\/p>\n<p>HIGIA fue la diosa de la curaci\u00f3n, la limpieza y la sanidad.<\/p>\n<p>La misi\u00f3n de nuestra empresa estaba determinada entonces ya desde el g\u00e9nesis: colaborar con los mejores productos, servicios y actitud a la tarea de los profesionales de la salud, en los distintos \u00e1mbitos, para lograr el caro objetivo de recuperar la salud o mejorar la calidad de vida de nuestra sociedad.<\/p>\n<p>El inicio fue con la distribuci\u00f3n de la firma HENKEL GV de Alemania, l\u00edder europeo en antis\u00e9pticos para limpieza de \u00e1reas cr\u00edticas, desinfecci\u00f3n de instrumental quir\u00fargico, desinfecci\u00f3n de manos, etc.<\/p>\n<p>Luego se incorporan productos de \u00edndole diversa: equipos de electromedicina y consumibles de uso m\u00e9dico.<\/p>\n<p>En el a\u00f1o 1998 se asume la representaci\u00f3n de la firma JMS &amp; Co. Ltd. una empresa japonesa reconocida internacionalmente por la calidad y excelencia de sus productos. Desde muchos a\u00f1os estos productos son apreciados principalmente en Bancos de Sangre y Centros de Di\u00e1lisis de todo nuestro pa\u00eds.<\/p>\n<p>Durante el a\u00f1o 2002 se incorpora el laboratorio argentino BIOSINTEX-OFAR con su l\u00ednea de productos dirigidas al canal de farmacias externas, instituciones m\u00e9dicas y hospitales. Desde el a\u00f1o 2004 representamos tambi\u00e9n a una tradicional empresa chilena Laboratorios KNOP, especializada en el desarrollo y fabricaci\u00f3n de fitomedicamentos.<\/p>\n<p>NICHIRYO empresa japonesa con equipamiento de precisi\u00f3n para laboratorios cl\u00ednicos y PALL Corp. L\u00edder mundial en filtraci\u00f3n con productos de excelente rendimiento en anestesia, cuidados cr\u00edticos y hemoterapia, han confiado en nuestra tarea.<\/p>\n<p>La base fundamental del crecimiento de nuestra empresa ha sido la seriedad y lealtad del compromiso asumido.<\/p>\n<p>Estos son nuestros valores: lealtad a la marca, trabajo responsable en la promoci\u00f3n previa y en la posventa, observaci\u00f3n permanente de las reglas sanitarias vigentes, cumplimiento de las obligaciones fiscales, justipreciar el trabajo de colaboradores y clientes, respeto para con colegas y competidores.<\/p>\n<p>Cuando los nuevos desaf\u00edos comerciales, tecnol\u00f3gicos, \u00e9ticos y sociales, asociados a la globalizaci\u00f3n, nos exijan cambios y adaptaciones, siempre estaremos apoyados en los valores antedichos. El sabio griego Arist\u00f3teles dec\u00eda que los valores sustanciales no sufren modificaci\u00f3n alguna.<\/p>\n","protected":false},"excerpt":{"rendered":"<p>En el a\u00f1o 1990 se crea la empresa HIGIA S.R.L. adoptando el nombre de una de las hijas de Esculapio, Dios de la Medicina en la mitolog\u00eda griega. HIGIA fue la diosa de la curaci\u00f3n, la limpieza y la sanidad. La misi\u00f3n de nuestra empresa estaba determinada entonces ya desde el g\u00e9nesis: colaborar con los&hellip;<\/p>\n","protected":false},"author":2,"featured_media":0,"parent":0,"menu_order":0,"comment_status":"closed","ping_status":"closed","template":"","meta":[],"_links":{"self":[{"href":"https:\/\/higia.com.uy\/home\/wp-json\/wp\/v2\/pages\/21"}],"collection":[{"href":"https:\/\/higia.com.uy\/home\/wp-json\/wp\/v2\/pages"}],"about":[{"href":"https:\/\/higia.com.uy\/home\/wp-json\/wp\/v2\/types\/page"}],"author":[{"embeddable":true,"href":"https:\/\/higia.com.uy\/home\/wp-json\/wp\/v2\/users\/2"}],"replies":[{"embeddable":true,"href":"https:\/\/higia.com.uy\/home\/wp-json\/wp\/v2\/comments?post=21"}],"version-history":[{"count":1,"href":"https:\/\/higia.com.uy\/home\/wp-json\/wp\/v2\/pages\/21\/revisions"}],"predecessor-version":[{"id":22,"href":"https:\/\/higia.com.uy\/home\/wp-json\/wp\/v2\/pages\/21\/revisions\/22"}],"wp:attachment":[{"href":"https:\/\/higia.com.uy\/home\/wp-json\/wp\/v2\/media?parent=21"}],"curies":[{"name":"wp","href":"https:\/\/api.w.org\/{rel}","templated":true}]}}