{"id":23,"date":"2017-01-26T15:48:27","date_gmt":"2017-01-26T18:48:27","guid":{"rendered":"http:\/\/higia.com.uy\/home\/?page_id=23"},"modified":"2017-01-26T16:23:30","modified_gmt":"2017-01-26T19:23:30","slug":"local","status":"publish","type":"page","link":"https:\/\/higia.com.uy\/home\/local\/","title":{"rendered":"Local"},"content":{"rendered":"<div align=\"justify\">\n<p class=\"Estilo15\">Nuestra empresa tiene local comercial propio con diferentes dep\u00f3sitos habilitados por nuestro M.S.P.: dispositivos terap\u00e9uticos, cosm\u00e9ticos, especialidades farmac\u00e9uticas, alimentos modificados y domisanitarios.<\/p>\n<p class=\"Estilo15\">Nuestro local comercial est\u00e1 ubicado en la call<span class=\"Estilo18\">e <span class=\"Estilo19\">Comercio 2064<\/span><\/span>.<\/p>\n<p class=\"Estilo15\"><iframe loading=\"lazy\" style=\"border: 0;\" src=\"https:\/\/www.google.com\/maps\/embed?pb=!1m18!1m12!1m3!1d3272.891985321798!2d-56.13521495682812!3d-34.8840585857717!2m3!1f0!2f0!3f0!3m2!1i1024!2i768!4f13.1!3m3!1m2!1s0x959f80def4671d79%3A0xba747ac3a72e712!2sComercio+%26+Pedro+Ricaldoni%2C+11400+Montevideo%2C+Departamento+de+Montevideo!5e0!3m2!1ses-419!2suy!4v1485458573691\" width=\"600\" height=\"450\" frameborder=\"0\" allowfullscreen=\"allowfullscreen\"><\/iframe><\/p>\n<\/div>\n","protected":false},"excerpt":{"rendered":"<p>Nuestra empresa tiene local comercial propio con diferentes dep\u00f3sitos habilitados por nuestro M.S.P.: dispositivos terap\u00e9uticos, cosm\u00e9ticos, especialidades farmac\u00e9uticas, alimentos modificados y domisanitarios. Nuestro local comercial est\u00e1 ubicado en la calle Comercio 2064.<\/p>\n","protected":false},"author":2,"featured_media":0,"parent":0,"menu_order":0,"comment_status":"closed","ping_status":"closed","template":"","meta":[],"_links":{"self":[{"href":"https:\/\/higia.com.uy\/home\/wp-json\/wp\/v2\/pages\/23"}],"collection":[{"href":"https:\/\/higia.com.uy\/home\/wp-json\/wp\/v2\/pages"}],"about":[{"href":"https:\/\/higia.com.uy\/home\/wp-json\/wp\/v2\/types\/page"}],"author":[{"embeddable":true,"href":"https:\/\/higia.com.uy\/home\/wp-json\/wp\/v2\/users\/2"}],"replies":[{"embeddable":true,"href":"https:\/\/higia.com.uy\/home\/wp-json\/wp\/v2\/comments?post=23"}],"version-history":[{"count":2,"href":"https:\/\/higia.com.uy\/home\/wp-json\/wp\/v2\/pages\/23\/revisions"}],"predecessor-version":[{"id":46,"href":"https:\/\/higia.com.uy\/home\/wp-json\/wp\/v2\/pages\/23\/revisions\/46"}],"wp:attachment":[{"href":"https:\/\/higia.com.uy\/home\/wp-json\/wp\/v2\/media?parent=23"}],"curies":[{"name":"wp","href":"https:\/\/api.w.org\/{rel}","templated":true}]}}