{"id":249,"date":"2017-01-27T17:13:05","date_gmt":"2017-01-27T20:13:05","guid":{"rendered":"http:\/\/higia.com.uy\/home\/pagina-de-inicio\/"},"modified":"2017-02-15T15:54:49","modified_gmt":"2017-02-15T18:54:49","slug":"pagina-de-inicio","status":"publish","type":"page","link":"https:\/\/higia.com.uy\/home\/","title":{"rendered":"P\u00e1gina de inicio"},"content":{"rendered":"<div id=\"pl-249\"  class=\"panel-layout\" ><div id=\"pg-249-0\"  class=\"panel-grid panel-has-style\" ><div class=\"panel-row-style panel-row-style-for-249-0\" ><div id=\"pgc-249-0-0\"  class=\"panel-grid-cell\" ><div id=\"panel-249-0-0-0\" class=\"so-panel widget widget_sow-features panel-first-child panel-last-child\" data-index=\"0\" ><div class=\"so-widget-sow-features so-widget-sow-features-default-ee1021c95634-249\">\n<div class=\"sow-features-list sow-features-responsive\">\n\n\t\t\t\n\t\t\t<div class=\"sow-features-feature sow-icon-container-position-top sow-features-feature-last-row\" style=\"width: 33.333%\">\n\n\t\t\t\t\t\t\t\t<div\n\t\t\t\t\tclass=\"sow-icon-container sow-container-round\"\n                    style=\"color: #1e73be; \"\n\t\t\t\t\t>\n\t\t\t\t\t<span class=\"sow-icon-fontawesome sow-fas\" data-sow-icon=\"&#xf015;\"\n\t\tstyle=\"font-size: 40px; color: #ffffff\" ><\/span>\t\t\t\t<\/div>\n\t\t\t\t\n\t\t\t\t<div class=\"textwidget\">\n\t\t\t\t\t\t\t\t\t\t\t<h5>\n\t\t\t\t\t\t\t\t\t\t\t\t\t\tLocal\t\t\t\t\t\t\t\t\t\t\t\t\t<\/h5>\n\t\t\t\t\t\n\t\t\t\t\t\t\t\t\t\t\tNuestra empresa tiene local comercial propio con diferentes dep\u00f3sitos habilitados por nuestro M.S.P.\t\t\t\t\t\n\t\t\t\t\t\t\t\t\t\t\t<p class=\"sow-more-text\">\n\t\t\t\t\t\t\t<a href=\"http:\/\/higia.com.uy\/home\/local\/\" >\t\t\t\t\t\t\tLeer m\u00e1s...\t\t\t\t\t\t\t<\/a>\t\t\t\t\t\t<\/p>\n\t\t\t\t\t\t\t\t\t<\/div>\n\t\t\t<\/div>\n\n\t\t\n\t\t\t<div class=\"sow-features-feature sow-icon-container-position-top sow-features-feature-last-row\" style=\"width: 33.333%\">\n\n\t\t\t\t\t\t\t\t<div\n\t\t\t\t\tclass=\"sow-icon-container sow-container-round\"\n                    style=\"color: #1e73be; \"\n\t\t\t\t\t>\n\t\t\t\t\t<span class=\"sow-icon-fontawesome sow-fas\" data-sow-icon=\"&#xf085;\"\n\t\tstyle=\"font-size: 40px; color: #ffffff\" ><\/span>\t\t\t\t<\/div>\n\t\t\t\t\n\t\t\t\t<div class=\"textwidget\">\n\t\t\t\t\t\t\t\t\t\t\t<h5>\n\t\t\t\t\t\t\t\t\t\t\t\t\t\tRepresentaciones\t\t\t\t\t\t\t\t\t\t\t\t\t<\/h5>\n\t\t\t\t\t\n\t\t\t\t\t\t\t\t\t\t\tLaboratorios que conf\u00edan en Higia.\t\t\t\t\t\n\t\t\t\t\t\t\t\t\t\t\t<p class=\"sow-more-text\">\n\t\t\t\t\t\t\t<a href=\"http:\/\/higia.com.uy\/home\/representaciones\/\" >\t\t\t\t\t\t\tLeer m\u00e1s...\t\t\t\t\t\t\t<\/a>\t\t\t\t\t\t<\/p>\n\t\t\t\t\t\t\t\t\t<\/div>\n\t\t\t<\/div>\n\n\t\t\n\t\t\t<div class=\"sow-features-feature sow-icon-container-position-top sow-features-feature-last-row\" style=\"width: 33.333%\">\n\n\t\t\t\t\t\t\t\t<div\n\t\t\t\t\tclass=\"sow-icon-container sow-container-round\"\n                    style=\"color: #1e73be; \"\n\t\t\t\t\t>\n\t\t\t\t\t<span class=\"sow-icon-fontawesome sow-fas\" data-sow-icon=\"&#xf0a1;\"\n\t\tstyle=\"font-size: 40px; color: #ffffff\" ><\/span>\t\t\t\t<\/div>\n\t\t\t\t\n\t\t\t\t<div class=\"textwidget\">\n\t\t\t\t\t\t\t\t\t\t\t<h5>\n\t\t\t\t\t\t\t\t\t\t\t\t\t\tNovedades\t\t\t\t\t\t\t\t\t\t\t\t\t<\/h5>\n\t\t\t\t\t\n\t\t\t\t\t\t\t\t\t\t\tNuevos lanzamientos, notas, informaci\u00f3n y m\u00e1s.\t\t\t\t\t\n\t\t\t\t\t\t\t\t\t\t\t<p class=\"sow-more-text\">\n\t\t\t\t\t\t\t<a href=\"http:\/\/higia.com.uy\/home\/category\/novedades\/\" >\t\t\t\t\t\t\tLeer m\u00e1s...\t\t\t\t\t\t\t<\/a>\t\t\t\t\t\t<\/p>\n\t\t\t\t\t\t\t\t\t<\/div>\n\t\t\t<\/div>\n\n\t\t\t\n<\/div>\n<\/div><\/div><\/div><\/div><\/div><div id=\"pg-249-1\"  class=\"panel-grid panel-has-style\" ><div class=\"siteorigin-panels-stretch panel-row-style panel-row-style-for-249-1\" data-stretch-type=\"full\" ><div id=\"pgc-249-1-0\"  class=\"panel-grid-cell\" ><div id=\"panel-249-1-0-0\" class=\"so-panel widget widget_black-studio-tinymce widget_black_studio_tinymce panel-first-child panel-last-child\" data-index=\"1\" ><div class=\"textwidget\"><h3 style=\"text-align: center;\">HIGIA SRL<\/h3>\n<hr style=\"max-width: 400px;\" \/>\n<h5 style=\"font-weight: normal; text-align: center;\">Nuestra empresa comercializa dispositivos terap\u00e9uticos, especialidades farmac\u00e9uticas y cosm\u00e9ticos.<br \/> Tenemos varios productos posicionados como l\u00edderes de mercado en diferentes nichos.<br \/> Nuestras representadas son empresas que cumplen rigurosamente con las GMP.<br \/> Visite sus links y sugiera productos que le interese importar.<br \/> Cualquier comentario ser\u00e1 bienvenido en nuestra secci\u00f3n Contactos.<\/h5>\n<\/div><\/div><\/div><\/div><\/div><div id=\"pg-249-2\"  class=\"panel-grid panel-no-style\" ><div id=\"pgc-249-2-0\"  class=\"panel-grid-cell\" ><div id=\"panel-249-2-0-0\" class=\"so-panel widget widget_sow-post-carousel panel-first-child panel-last-child\" data-index=\"2\" ><div class=\"so-widget-sow-post-carousel so-widget-sow-post-carousel-default-de09ad96ef01-249\"><div class=\"sow-carousel-title has-title\">\n\t<h3 class=\"widget-title\">Nuestros Productos Destacados<\/h3>\t\t<div class=\"sow-carousel-navigation\">\n\t\t\t\t\t\t<a href=\"#\" class=\"sow-carousel-next\" title=\"Siguiente\" aria-label=\"Entradas siguientes\" role=\"button\"><\/a>\n\t\t\t\t\t\t<a href=\"#\" class=\"sow-carousel-previous\" title=\"Anterior\" aria-label=\"Entradas anteriores\" role=\"button\"><\/a>\n\t\t\t\t\t<\/div>\n\t<\/div>\n\n<div class=\"sow-carousel-container \">\n\t\t<div class=\"sow-carousel-wrapper\"\n\t     data-dir=\"ltr\"\n\t     data-widget=\"post\" data-fetching=\"false\" data-page=\"1\" data-ajax-url=\"https:\/\/higia.com.uy\/home\/wp-admin\/admin-ajax.php?_widgets_nonce=5308545017\" data-item_count=\"7\" data-carousel_settings=\"{&quot;loop&quot;:true}\" data-responsive=\"{&quot;desktop_slides&quot;:1,&quot;tablet_landscape_breakpoint&quot;:1366,&quot;tablet_landscape_slides&quot;:2,&quot;tablet_portrait_breakpoint&quot;:1025,&quot;tablet_portrait_slides&quot;:2,&quot;mobile_breakpoint&quot;:480,&quot;mobile_slides&quot;:1}\" data-variable_width=\"true\" \t>\n\t\t<div class=\"sow-carousel-items\">\n\t\t\t\t<div class=\"sow-carousel-item\" tabindex=\"-1\">\n\t\t<div class=\"sow-carousel-thumbnail\">\n\t\t\t\t\t\t\t<a\n\t\t\t\thref=\"https:\/\/higia.com.uy\/home\/uti-mission-test-de-infeccion-urinaria\/\"\n\t\t\t\t\t\t\t\t\t\tstyle=\"background-image: url( https:\/\/higia.com.uy\/home\/wp-content\/uploads\/2017\/01\/UTI-272x182.jpg )\"\n\t\t\t\t\taria-labelledby=\"sow-carousel-id-216\"\n\t\t\t\t\ttabindex=\"-1\"\n\t\t\t\t>\n\t\t\t\t\t<span class=\"overlay\"><\/span>\n\t\t\t\t<\/a>\n\t\t\t\t\t<\/div>\n\t\t<h3>\n\t\t\t<a\n\t\t\t\thref=\"https:\/\/higia.com.uy\/home\/uti-mission-test-de-infeccion-urinaria\/\"\n\t\t\t\tid=\"sow-carousel-id-216\"\n\t\t\t\t\t\t\t\ttabindex=\"-1\"\n\t\t\t>\n\t\t\tUTI Mission &#8211; Test de Infecci\u00f3n Urinaria\t\t\t<\/a>\n\t\t<\/h3>\n\t<\/div>\n\t<div class=\"sow-carousel-item\" tabindex=\"-1\">\n\t\t<div class=\"sow-carousel-thumbnail\">\n\t\t\t\t\t\t\t<a\n\t\t\t\thref=\"https:\/\/higia.com.uy\/home\/midermus-post-solar\/\"\n\t\t\t\t\t\t\t\t\t\tstyle=\"background-image: url( https:\/\/higia.com.uy\/home\/wp-content\/uploads\/2017\/01\/Midermus-Post-solar-alta.jpg )\"\n\t\t\t\t\taria-labelledby=\"sow-carousel-id-203\"\n\t\t\t\t\ttabindex=\"-1\"\n\t\t\t\t>\n\t\t\t\t\t<span class=\"overlay\"><\/span>\n\t\t\t\t<\/a>\n\t\t\t\t\t<\/div>\n\t\t<h3>\n\t\t\t<a\n\t\t\t\thref=\"https:\/\/higia.com.uy\/home\/midermus-post-solar\/\"\n\t\t\t\tid=\"sow-carousel-id-203\"\n\t\t\t\t\t\t\t\ttabindex=\"-1\"\n\t\t\t>\n\t\t\tMidermus Post Solar\t\t\t<\/a>\n\t\t<\/h3>\n\t<\/div>\n\t<div class=\"sow-carousel-item\" tabindex=\"-1\">\n\t\t<div class=\"sow-carousel-thumbnail\">\n\t\t\t\t\t\t\t<a\n\t\t\t\thref=\"https:\/\/higia.com.uy\/home\/mater-test\/\"\n\t\t\t\t\t\t\t\t\t\tstyle=\"background-image: url( https:\/\/higia.com.uy\/home\/wp-content\/uploads\/2017\/01\/Mater-Test_Simple.jpg )\"\n\t\t\t\t\taria-labelledby=\"sow-carousel-id-211\"\n\t\t\t\t\ttabindex=\"-1\"\n\t\t\t\t>\n\t\t\t\t\t<span class=\"overlay\"><\/span>\n\t\t\t\t<\/a>\n\t\t\t\t\t<\/div>\n\t\t<h3>\n\t\t\t<a\n\t\t\t\thref=\"https:\/\/higia.com.uy\/home\/mater-test\/\"\n\t\t\t\tid=\"sow-carousel-id-211\"\n\t\t\t\t\t\t\t\ttabindex=\"-1\"\n\t\t\t>\n\t\t\tMater Test\t\t\t<\/a>\n\t\t<\/h3>\n\t<\/div>\n\t<div class=\"sow-carousel-item\" tabindex=\"-1\">\n\t\t<div class=\"sow-carousel-thumbnail\">\n\t\t\t\t\t\t\t<a\n\t\t\t\thref=\"https:\/\/higia.com.uy\/home\/filtro-respiratorio-bb22-15\/\"\n\t\t\t\t\t\t\t\t\t\tstyle=\"background-image: url( https:\/\/higia.com.uy\/home\/wp-content\/uploads\/2017\/01\/BB22-15.jpg )\"\n\t\t\t\t\taria-labelledby=\"sow-carousel-id-100\"\n\t\t\t\t\ttabindex=\"-1\"\n\t\t\t\t>\n\t\t\t\t\t<span class=\"overlay\"><\/span>\n\t\t\t\t<\/a>\n\t\t\t\t\t<\/div>\n\t\t<h3>\n\t\t\t<a\n\t\t\t\thref=\"https:\/\/higia.com.uy\/home\/filtro-respiratorio-bb22-15\/\"\n\t\t\t\tid=\"sow-carousel-id-100\"\n\t\t\t\t\t\t\t\ttabindex=\"-1\"\n\t\t\t>\n\t\t\tFiltro Respiratorio BB22-15\t\t\t<\/a>\n\t\t<\/h3>\n\t<\/div>\n\t<div class=\"sow-carousel-item\" tabindex=\"-1\">\n\t\t<div class=\"sow-carousel-thumbnail\">\n\t\t\t\t\t\t\t<a\n\t\t\t\thref=\"https:\/\/higia.com.uy\/home\/sueros-hemoclasificadores\/\"\n\t\t\t\t\t\t\t\t\t\tstyle=\"background-image: url( https:\/\/higia.com.uy\/home\/wp-content\/uploads\/2017\/01\/sueros-e1682524195771.jpg )\"\n\t\t\t\t\taria-labelledby=\"sow-carousel-id-130\"\n\t\t\t\t\ttabindex=\"-1\"\n\t\t\t\t>\n\t\t\t\t\t<span class=\"overlay\"><\/span>\n\t\t\t\t<\/a>\n\t\t\t\t\t<\/div>\n\t\t<h3>\n\t\t\t<a\n\t\t\t\thref=\"https:\/\/higia.com.uy\/home\/sueros-hemoclasificadores\/\"\n\t\t\t\tid=\"sow-carousel-id-130\"\n\t\t\t\t\t\t\t\ttabindex=\"-1\"\n\t\t\t>\n\t\t\tSueros hemoclasificadores\t\t\t<\/a>\n\t\t<\/h3>\n\t<\/div>\n\t<div class=\"sow-carousel-item\" tabindex=\"-1\">\n\t\t<div class=\"sow-carousel-thumbnail\">\n\t\t\t\t\t\t\t<a\n\t\t\t\thref=\"https:\/\/higia.com.uy\/home\/bolsa-de-sangre-de-cordon\/\"\n\t\t\t\t\t\t\t\t\t\tstyle=\"background-image: url( https:\/\/higia.com.uy\/home\/wp-content\/uploads\/2017\/01\/bolsa-cordon.jpg )\"\n\t\t\t\t\taria-labelledby=\"sow-carousel-id-94\"\n\t\t\t\t\ttabindex=\"-1\"\n\t\t\t\t>\n\t\t\t\t\t<span class=\"overlay\"><\/span>\n\t\t\t\t<\/a>\n\t\t\t\t\t<\/div>\n\t\t<h3>\n\t\t\t<a\n\t\t\t\thref=\"https:\/\/higia.com.uy\/home\/bolsa-de-sangre-de-cordon\/\"\n\t\t\t\tid=\"sow-carousel-id-94\"\n\t\t\t\t\t\t\t\ttabindex=\"-1\"\n\t\t\t>\n\t\t\tBolsa de Sangre de Cord\u00f3n\t\t\t<\/a>\n\t\t<\/h3>\n\t<\/div>\n\t<div class=\"sow-carousel-item\" tabindex=\"-1\">\n\t\t<div class=\"sow-carousel-thumbnail\">\n\t\t\t\t\t\t\t<a\n\t\t\t\thref=\"https:\/\/higia.com.uy\/home\/filtro-para-soluciones-intravenosas-eld96ll\/\"\n\t\t\t\t\t\t\t\t\t\tstyle=\"background-image: url( https:\/\/higia.com.uy\/home\/wp-content\/uploads\/2017\/01\/ELD96LL.jpg )\"\n\t\t\t\t\taria-labelledby=\"sow-carousel-id-78\"\n\t\t\t\t\ttabindex=\"-1\"\n\t\t\t\t>\n\t\t\t\t\t<span class=\"overlay\"><\/span>\n\t\t\t\t<\/a>\n\t\t\t\t\t<\/div>\n\t\t<h3>\n\t\t\t<a\n\t\t\t\thref=\"https:\/\/higia.com.uy\/home\/filtro-para-soluciones-intravenosas-eld96ll\/\"\n\t\t\t\tid=\"sow-carousel-id-78\"\n\t\t\t\t\t\t\t\ttabindex=\"-1\"\n\t\t\t>\n\t\t\tFiltro para Soluciones Intravenosas ELD96LL\t\t\t<\/a>\n\t\t<\/h3>\n\t<\/div>\n\t\t<\/div>\n\t<\/div>\n\n\t<\/div>\n\t<input type=\"hidden\" name=\"instance_hash\" value=\"cb5449fc\"\/>\n\t<\/div><\/div><\/div><\/div><\/div>","protected":false},"excerpt":{"rendered":"","protected":false},"author":2,"featured_media":0,"parent":0,"menu_order":0,"comment_status":"closed","ping_status":"closed","template":"home-panels.php","meta":[],"_links":{"self":[{"href":"https:\/\/higia.com.uy\/home\/wp-json\/wp\/v2\/pages\/249"}],"collection":[{"href":"https:\/\/higia.com.uy\/home\/wp-json\/wp\/v2\/pages"}],"about":[{"href":"https:\/\/higia.com.uy\/home\/wp-json\/wp\/v2\/types\/page"}],"author":[{"embeddable":true,"href":"https:\/\/higia.com.uy\/home\/wp-json\/wp\/v2\/users\/2"}],"replies":[{"embeddable":true,"href":"https:\/\/higia.com.uy\/home\/wp-json\/wp\/v2\/comments?post=249"}],"version-history":[{"count":2,"href":"https:\/\/higia.com.uy\/home\/wp-json\/wp\/v2\/pages\/249\/revisions"}],"predecessor-version":[{"id":377,"href":"https:\/\/higia.com.uy\/home\/wp-json\/wp\/v2\/pages\/249\/revisions\/377"}],"wp:attachment":[{"href":"https:\/\/higia.com.uy\/home\/wp-json\/wp\/v2\/media?parent=249"}],"curies":[{"name":"wp","href":"https:\/\/api.w.org\/{rel}","templated":true}]}}