{"id":406,"date":"2023-10-23T11:44:12","date_gmt":"2023-10-23T14:44:12","guid":{"rendered":"http:\/\/higia.com.uy\/home\/?page_id=406"},"modified":"2024-07-23T10:55:03","modified_gmt":"2024-07-23T13:55:03","slug":"certificaciones-2","status":"publish","type":"page","link":"https:\/\/higia.com.uy\/home\/certificaciones-2\/","title":{"rendered":"Certificaciones"},"content":{"rendered":"\n<p class=\"has-text-color has-medium-font-size\" style=\"color:#0c2835\">ISO 9001:2015<\/p>\n\n\n\n<figure class=\"wp-block-gallery columns-1 is-cropped\"><ul class=\"blocks-gallery-grid\"><li class=\"blocks-gallery-item\"><figure><a href=\"http:\/\/higia.com.uy\/home\/wp-content\/uploads\/2023\/10\/ISO-HIGIA.JPG-1.jpg\"><img loading=\"lazy\" width=\"724\" height=\"1024\" src=\"http:\/\/higia.com.uy\/home\/wp-content\/uploads\/2023\/10\/ISO-HIGIA.JPG-1-724x1024.jpg\" alt=\"\" data-id=\"411\" data-full-url=\"http:\/\/higia.com.uy\/home\/wp-content\/uploads\/2023\/10\/ISO-HIGIA.JPG-1.jpg\" data-link=\"http:\/\/higia.com.uy\/home\/certificaciones-2\/iso-higia-jpg-1\/\" class=\"wp-image-411\" srcset=\"https:\/\/higia.com.uy\/home\/wp-content\/uploads\/2023\/10\/ISO-HIGIA.JPG-1-724x1024.jpg 724w, https:\/\/higia.com.uy\/home\/wp-content\/uploads\/2023\/10\/ISO-HIGIA.JPG-1-212x300.jpg 212w, https:\/\/higia.com.uy\/home\/wp-content\/uploads\/2023\/10\/ISO-HIGIA.JPG-1-768x1087.jpg 768w, https:\/\/higia.com.uy\/home\/wp-content\/uploads\/2023\/10\/ISO-HIGIA.JPG-1-1085x1536.jpg 1085w, https:\/\/higia.com.uy\/home\/wp-content\/uploads\/2023\/10\/ISO-HIGIA.JPG-1.jpg 1240w\" sizes=\"(max-width: 724px) 100vw, 724px\" \/><\/a><\/figure><\/li><\/ul><\/figure>\n\n\n<div>Tienes que a\u00f1adir un widget, una fila o un dise\u00f1o preconstruido antes de que puedas ver algo aqu\u00ed. :)<\/div>\n\n\n<figure class=\"wp-block-image size-large\"><a href=\"http:\/\/higia.com.uy\/home\/wp-content\/uploads\/2024\/07\/Politica_de_Calidad.pdf\"><img loading=\"lazy\" width=\"724\" height=\"1024\" src=\"http:\/\/higia.com.uy\/home\/wp-content\/uploads\/2024\/07\/Politica_de_Calidad-pdf-724x1024.jpg\" alt=\"\" class=\"wp-image-426\"\/><\/a><\/figure>\n","protected":false},"excerpt":{"rendered":"<p>ISO 9001:2015<\/p>\n","protected":false},"author":2,"featured_media":0,"parent":0,"menu_order":0,"comment_status":"closed","ping_status":"closed","template":"","meta":[],"_links":{"self":[{"href":"https:\/\/higia.com.uy\/home\/wp-json\/wp\/v2\/pages\/406"}],"collection":[{"href":"https:\/\/higia.com.uy\/home\/wp-json\/wp\/v2\/pages"}],"about":[{"href":"https:\/\/higia.com.uy\/home\/wp-json\/wp\/v2\/types\/page"}],"author":[{"embeddable":true,"href":"https:\/\/higia.com.uy\/home\/wp-json\/wp\/v2\/users\/2"}],"replies":[{"embeddable":true,"href":"https:\/\/higia.com.uy\/home\/wp-json\/wp\/v2\/comments?post=406"}],"version-history":[{"count":4,"href":"https:\/\/higia.com.uy\/home\/wp-json\/wp\/v2\/pages\/406\/revisions"}],"predecessor-version":[{"id":428,"href":"https:\/\/higia.com.uy\/home\/wp-json\/wp\/v2\/pages\/406\/revisions\/428"}],"wp:attachment":[{"href":"https:\/\/higia.com.uy\/home\/wp-json\/wp\/v2\/media?parent=406"}],"curies":[{"name":"wp","href":"https:\/\/api.w.org\/{rel}","templated":true}]}}